{"id":4388,"date":"2019-02-20T10:44:48","date_gmt":"2019-02-20T10:44:48","guid":{"rendered":"http:\/\/www.fincamartelo.com\/contact\/"},"modified":"2022-04-13T04:13:44","modified_gmt":"2022-04-13T04:13:44","slug":"contact","status":"publish","type":"page","link":"https:\/\/www.fincamartelo.com\/en\/contact\/","title":{"rendered":"Contact"},"content":{"rendered":"<div class=\"wpb-content-wrapper\"><p>[vc_row][vc_column]\n\t\t\t<!-- START Slider contacto REVOLUTION SLIDER 6.7.23 --><p class=\"rs-p-wp-fix\"><\/p>\n\t\t\t<rs-module-wrap id=\"rev_slider_6_1_wrapper\" data-source=\"gallery\" style=\"visibility:hidden;background:transparent;padding:0;margin:0px auto;margin-top:0;margin-bottom:0;\">\n\t\t\t\t<rs-module id=\"rev_slider_6_1\" style=\"\" data-version=\"6.7.23\">\n\t\t\t\t\t<rs-slides style=\"overflow: hidden; position: absolute;\">\n\t\t\t\t\t\t<rs-slide style=\"position: absolute;\" data-key=\"rs-6\" data-title=\"Slide\" data-anim=\"adpr:false;\">\n\t\t\t\t\t\t\t<img decoding=\"async\" src=\"\/\/www.fincamartelo.com\/wp-content\/plugins\/revslider\/sr6\/assets\/assets\/dummy.png\" alt=\"\" title=\"Contact\" class=\"rev-slidebg tp-rs-img rs-lazyload\" data-lazyload=\"\/\/www.fincamartelo.com\/wp-content\/uploads\/2018\/05\/www.martelowine.com-vinedo-to-04.jpg\" data-parallax=\"off\" data-no-retina>\n<!---->\t\t\t\t\t<\/rs-slide>\n\t\t\t\t\t<\/rs-slides>\n\t\t\t\t<\/rs-module>\n\t\t\t\t<script>\n\t\t\t\t\tsetREVStartSize({c: 'rev_slider_6_1',rl:[1240,1024,778,480],el:[],gw:[1400,1240,778,480],gh:[600,500,400,400],type:'hero',justify:'',layout:'fullwidth',mh:\"0\"});if (window.RS_MODULES!==undefined && window.RS_MODULES.modules!==undefined && window.RS_MODULES.modules[\"revslider61\"]!==undefined) {window.RS_MODULES.modules[\"revslider61\"].once = false;window.revapi6 = undefined;if (window.RS_MODULES.checkMinimal!==undefined) window.RS_MODULES.checkMinimal()}\n\t\t\t\t<\/script>\n\t\t\t<\/rs-module-wrap>\n\t\t\t<!-- END REVOLUTION SLIDER -->\n[vc_empty_space][\/vc_column][\/vc_row][vc_row row_content_width=&#8221;grid&#8221;][vc_column][vc_column_text]<\/p>\n<p style=\"text-align: center; font-family: Playfair display; font-size: 42px; line-height: 110%; color: #333333;\">Contact us to:<\/p>\n<p>[\/vc_column_text][vc_column_text]<\/p>\n<p style=\"text-align: center; font-family: Playfair display; font-size: 28px; line-height: 120%; color: #333333;\">Try Martelo and get to know its personality first-hand.<br \/>\nVisit Torre de O\u00f1a Boutique Winery in its incomparable setting.<br \/>\nShare with us how Martelo inspires you.<\/p>\n<p>[\/vc_column_text][vc_empty_space height=&#8221;50px&#8221;][vc_separator style=&#8221;dotted&#8221;][vc_empty_space height=&#8221;50px&#8221;][\/vc_column][\/vc_row][vc_row row_content_width=&#8221;grid&#8221;][vc_column width=&#8221;1\/4&#8243;][vc_single_image image=&#8221;5205&#8243; img_size=&#8221;medium&#8221;][vc_empty_space height=&#8221;20px&#8221;][vc_column_text]Bodega Torre de O\u00f1a S.A.<br \/>\nFinca San Mart\u00edn<br \/>\n01309 P\u00e1ganos \u2013 Laguardia (\u00c1lava), Spain.<\/p>\n<p>Telephone: (+34) 945 621 154<br \/>\nFax: 945 621 171<br \/>\nE-mail: <a href=\"mailto:hola@fincamartelo.com\">hola@fincamartelo.com<\/a>[\/vc_column_text][\/vc_column][vc_column width=&#8221;3\/4&#8243;][vc_empty_space height=&#8221;12px&#8221;]\n<div class=\"wpcf7 no-js\" id=\"wpcf7-f4451-o1\" lang=\"en-US\" dir=\"ltr\" data-wpcf7-id=\"4451\">\n<div class=\"screen-reader-response\"><p role=\"status\" aria-live=\"polite\" aria-atomic=\"true\"><\/p> <ul><\/ul><\/div>\n<form action=\"\/en\/wp-json\/wp\/v2\/pages\/4388#wpcf7-f4451-o1\" method=\"post\" class=\"wpcf7-form init\" aria-label=\"Contact form\" novalidate=\"novalidate\" data-status=\"init\">\n<div style=\"display: none;\">\n<input type=\"hidden\" name=\"_wpcf7\" value=\"4451\" \/>\n<input type=\"hidden\" name=\"_wpcf7_version\" value=\"6.0.5\" \/>\n<input type=\"hidden\" name=\"_wpcf7_locale\" value=\"en_US\" \/>\n<input type=\"hidden\" name=\"_wpcf7_unit_tag\" value=\"wpcf7-f4451-o1\" \/>\n<input type=\"hidden\" name=\"_wpcf7_container_post\" value=\"0\" \/>\n<input type=\"hidden\" name=\"_wpcf7_posted_data_hash\" value=\"\" \/>\n<input type=\"hidden\" name=\"_wpcf7_recaptcha_response\" value=\"\" \/>\n<\/div>\n<div class=\"edgtf-three-columns\">\n\t<div class=\"edgtf-three-columns-inner\">\n\t\t<div class=\"edgtf-column\">\n\t\t\t<div class=\"edgtf-column-inner\">\n\t\t\t\t<p><span class=\"wpcf7-form-control-wrap\" data-name=\"first-name\"><input size=\"40\" maxlength=\"400\" class=\"wpcf7-form-control wpcf7-text wpcf7-validates-as-required\" aria-required=\"true\" aria-invalid=\"false\" placeholder=\"Name*\" value=\"\" type=\"text\" name=\"first-name\" \/><\/span>\n\t\t\t\t<\/p>\n\t\t\t<\/div>\n\t\t<\/div>\n\t\t<div class=\"edgtf-column\">\n\t\t\t<div class=\"edgtf-column-inner\">\n\t\t\t\t<p><span class=\"wpcf7-form-control-wrap\" data-name=\"last-name\"><input size=\"40\" maxlength=\"400\" class=\"wpcf7-form-control wpcf7-text wpcf7-validates-as-required\" aria-required=\"true\" aria-invalid=\"false\" placeholder=\"Surname*\" value=\"\" type=\"text\" name=\"last-name\" \/><\/span>\n\t\t\t\t<\/p>\n\t\t\t<\/div>\n\t\t<\/div>\n\t\t<div class=\"edgtf-column\">\n\t\t\t<div class=\"edgtf-column-inner\">\n\t\t\t\t<p><span class=\"wpcf7-form-control-wrap\" data-name=\"email\"><input size=\"40\" maxlength=\"100\" class=\"wpcf7-form-control wpcf7-email wpcf7-validates-as-required wpcf7-text wpcf7-validates-as-email\" aria-required=\"true\" aria-invalid=\"false\" placeholder=\"E-mail*\" value=\"\" type=\"email\" name=\"email\" \/><\/span>\n\t\t\t\t<\/p>\n\t\t\t<\/div>\n\t\t<\/div>\n\t<\/div>\n\t<p><span class=\"wpcf7-form-control-wrap\" data-name=\"message\"><textarea cols=\"40\" rows=\"10\" maxlength=\"2000\" class=\"wpcf7-form-control wpcf7-textarea wpcf7-validates-as-required\" aria-required=\"true\" aria-invalid=\"false\" placeholder=\"Message*\" name=\"message\"><\/textarea><\/span>\n\t<\/p>\n\t<p><span class=\"wpcf7-form-control-wrap\" data-name=\"acceptance-461\"><span class=\"wpcf7-form-control wpcf7-acceptance\"><span class=\"wpcf7-list-item\"><label><input type=\"checkbox\" name=\"acceptance-461\" value=\"1\" aria-invalid=\"false\" \/><span class=\"wpcf7-list-item-label\">I accept the <a href=\"http:\/\/www.fincamartelo.com\/en\/legal-notice\" target=\"_blank\">Legal Conditions and the Data Protection Policy.<\/a><\/span><\/label><\/span><\/span><\/span>\n\t<\/p>\n\t<p><input class=\"wpcf7-form-control wpcf7-submit has-spinner\" type=\"submit\" value=\"Send\" \/>\n\t<\/p>\n<\/div><div class=\"wpcf7-response-output\" aria-hidden=\"true\"><\/div>\n<\/form>\n<\/div>\n[\/vc_column][\/vc_row][vc_row][vc_column][vc_empty_space height=&#8221;70px&#8221;][\/vc_column][\/vc_row]<\/p>\n<\/div>","protected":false},"excerpt":{"rendered":"<p>[vc_row][vc_column][vc_empty_space][\/vc_column][\/vc_row][vc_row row_content_width=&#8221;grid&#8221;][vc_column][vc_column_text] Contact us to: [\/vc_column_text][vc_column_text] Try Martelo and get to know its personality first-hand. Visit Torre de O\u00f1a Boutique Winery in its incomparable setting. Share with us how Martelo inspires you. [\/vc_column_text][vc_empty_space height=&#8221;50px&#8221;][vc_separator style=&#8221;dotted&#8221;][vc_empty_space height=&#8221;50px&#8221;][\/vc_column][\/vc_row][vc_row row_content_width=&#8221;grid&#8221;][vc_column width=&#8221;1\/4&#8243;][vc_single_image image=&#8221;5205&#8243; img_size=&#8221;medium&#8221;][vc_empty_space height=&#8221;20px&#8221;][vc_column_text]Bodega Torre de O\u00f1a S.A. Finca San Mart\u00edn 01309 P\u00e1ganos \u2013 Laguardia (\u00c1lava), Spain. Telephone: (+34) 945 621 154 Fax: 945 621 171 E-mail: hola@fincamartelo.com[\/vc_column_text][\/vc_column][vc_column width=&#8221;3\/4&#8243;][vc_empty_space height=&#8221;12px&#8221;][\/vc_column][\/vc_row][vc_row][vc_column][vc_empty_space height=&#8221;70px&#8221;][\/vc_column][\/vc_row]<\/p>\n","protected":false},"author":1,"featured_media":0,"parent":0,"menu_order":0,"comment_status":"closed","ping_status":"closed","template":"full-width.php","meta":{"_acf_changed":false,"footnotes":""},"class_list":["post-4388","page","type-page","status-publish","hentry"],"acf":[],"yoast_head":"<!-- This site is optimized with the Yoast SEO plugin v24.1 - https:\/\/yoast.com\/wordpress\/plugins\/seo\/ -->\n<title>Contact<\/title>\n<meta name=\"description\" content=\"Contact us to: Try Finca Martelo and get to know its personality first-hand; visit Torre de O\u00f1a Boutique Winery in its incomparable setting; or share with us how Martelo inspires you.\" \/>\n<meta name=\"robots\" content=\"index, follow, max-snippet:-1, max-image-preview:large, max-video-preview:-1\" \/>\n<link rel=\"canonical\" href=\"https:\/\/www.fincamartelo.com\/en\/contact\/\" \/>\n<meta property=\"og:locale\" content=\"en_US\" \/>\n<meta property=\"og:type\" content=\"article\" \/>\n<meta property=\"og:title\" content=\"Contact\" \/>\n<meta property=\"og:description\" content=\"Contact us to: Try Finca Martelo and get to know its personality first-hand; visit Torre de O\u00f1a Boutique Winery in its incomparable setting; or share with us how Martelo inspires you.\" \/>\n<meta property=\"og:url\" content=\"https:\/\/www.fincamartelo.com\/en\/contact\/\" \/>\n<meta property=\"og:site_name\" content=\"Finca Martelo\" \/>\n<meta property=\"article:publisher\" content=\"https:\/\/www.facebook.com\/fincamartelo\/\" \/>\n<meta property=\"article:modified_time\" content=\"2022-04-13T04:13:44+00:00\" \/>\n<meta name=\"twitter:card\" content=\"summary_large_image\" \/>\n<meta name=\"twitter:label1\" content=\"Est. reading time\" \/>\n\t<meta name=\"twitter:data1\" content=\"1 minute\" \/>\n<script type=\"application\/ld+json\" class=\"yoast-schema-graph\">{\"@context\":\"https:\/\/schema.org\",\"@graph\":[{\"@type\":\"WebPage\",\"@id\":\"https:\/\/www.fincamartelo.com\/en\/contact\/\",\"url\":\"https:\/\/www.fincamartelo.com\/en\/contact\/\",\"name\":\"Contact\",\"isPartOf\":{\"@id\":\"https:\/\/www.fincamartelo.com\/#website\"},\"datePublished\":\"2019-02-20T10:44:48+00:00\",\"dateModified\":\"2022-04-13T04:13:44+00:00\",\"description\":\"Contact us to: Try Finca Martelo and get to know its personality first-hand; visit Torre de O\u00f1a Boutique Winery in its incomparable setting; or share with us how Martelo inspires you.\",\"breadcrumb\":{\"@id\":\"https:\/\/www.fincamartelo.com\/en\/contact\/#breadcrumb\"},\"inLanguage\":\"en-US\",\"potentialAction\":[{\"@type\":\"ReadAction\",\"target\":[\"https:\/\/www.fincamartelo.com\/en\/contact\/\"]}]},{\"@type\":\"BreadcrumbList\",\"@id\":\"https:\/\/www.fincamartelo.com\/en\/contact\/#breadcrumb\",\"itemListElement\":[{\"@type\":\"ListItem\",\"position\":1,\"name\":\"Home\",\"item\":\"https:\/\/www.fincamartelo.com\/en\/main-home\/\"},{\"@type\":\"ListItem\",\"position\":2,\"name\":\"Contact\"}]},{\"@type\":\"WebSite\",\"@id\":\"https:\/\/www.fincamartelo.com\/#website\",\"url\":\"https:\/\/www.fincamartelo.com\/\",\"name\":\"Finca Martelo\",\"description\":\"Un vino inspirador y con personalidad\",\"publisher\":{\"@id\":\"https:\/\/www.fincamartelo.com\/#organization\"},\"potentialAction\":[{\"@type\":\"SearchAction\",\"target\":{\"@type\":\"EntryPoint\",\"urlTemplate\":\"https:\/\/www.fincamartelo.com\/?s={search_term_string}\"},\"query-input\":{\"@type\":\"PropertyValueSpecification\",\"valueRequired\":true,\"valueName\":\"search_term_string\"}}],\"inLanguage\":\"en-US\"},{\"@type\":\"Organization\",\"@id\":\"https:\/\/www.fincamartelo.com\/#organization\",\"name\":\"Finca Martelo\",\"url\":\"https:\/\/www.fincamartelo.com\/\",\"logo\":{\"@type\":\"ImageObject\",\"inLanguage\":\"en-US\",\"@id\":\"https:\/\/www.fincamartelo.com\/#\/schema\/logo\/image\/\",\"url\":\"https:\/\/www.fincamartelo.com\/wp-content\/uploads\/2022\/11\/www.fincamartelo.com-inspiring-night-by-finca-martelo-gloria-valles-dsc09286-scaled.jpg\",\"contentUrl\":\"https:\/\/www.fincamartelo.com\/wp-content\/uploads\/2022\/11\/www.fincamartelo.com-inspiring-night-by-finca-martelo-gloria-valles-dsc09286-scaled.jpg\",\"width\":1920,\"height\":2560,\"caption\":\"Finca Martelo\"},\"image\":{\"@id\":\"https:\/\/www.fincamartelo.com\/#\/schema\/logo\/image\/\"},\"sameAs\":[\"https:\/\/www.facebook.com\/fincamartelo\/\",\"https:\/\/www.instagram.com\/fincamartelo\/\"]}]}<\/script>\n<!-- \/ Yoast SEO plugin. -->","yoast_head_json":{"title":"Contact","description":"Contact us to: Try Finca Martelo and get to know its personality first-hand; visit Torre de O\u00f1a Boutique Winery in its incomparable setting; or share with us how Martelo inspires you.","robots":{"index":"index","follow":"follow","max-snippet":"max-snippet:-1","max-image-preview":"max-image-preview:large","max-video-preview":"max-video-preview:-1"},"canonical":"https:\/\/www.fincamartelo.com\/en\/contact\/","og_locale":"en_US","og_type":"article","og_title":"Contact","og_description":"Contact us to: Try Finca Martelo and get to know its personality first-hand; visit Torre de O\u00f1a Boutique Winery in its incomparable setting; or share with us how Martelo inspires you.","og_url":"https:\/\/www.fincamartelo.com\/en\/contact\/","og_site_name":"Finca Martelo","article_publisher":"https:\/\/www.facebook.com\/fincamartelo\/","article_modified_time":"2022-04-13T04:13:44+00:00","twitter_card":"summary_large_image","twitter_misc":{"Est. reading time":"1 minute"},"schema":{"@context":"https:\/\/schema.org","@graph":[{"@type":"WebPage","@id":"https:\/\/www.fincamartelo.com\/en\/contact\/","url":"https:\/\/www.fincamartelo.com\/en\/contact\/","name":"Contact","isPartOf":{"@id":"https:\/\/www.fincamartelo.com\/#website"},"datePublished":"2019-02-20T10:44:48+00:00","dateModified":"2022-04-13T04:13:44+00:00","description":"Contact us to: Try Finca Martelo and get to know its personality first-hand; visit Torre de O\u00f1a Boutique Winery in its incomparable setting; or share with us how Martelo inspires you.","breadcrumb":{"@id":"https:\/\/www.fincamartelo.com\/en\/contact\/#breadcrumb"},"inLanguage":"en-US","potentialAction":[{"@type":"ReadAction","target":["https:\/\/www.fincamartelo.com\/en\/contact\/"]}]},{"@type":"BreadcrumbList","@id":"https:\/\/www.fincamartelo.com\/en\/contact\/#breadcrumb","itemListElement":[{"@type":"ListItem","position":1,"name":"Home","item":"https:\/\/www.fincamartelo.com\/en\/main-home\/"},{"@type":"ListItem","position":2,"name":"Contact"}]},{"@type":"WebSite","@id":"https:\/\/www.fincamartelo.com\/#website","url":"https:\/\/www.fincamartelo.com\/","name":"Finca Martelo","description":"Un vino inspirador y con personalidad","publisher":{"@id":"https:\/\/www.fincamartelo.com\/#organization"},"potentialAction":[{"@type":"SearchAction","target":{"@type":"EntryPoint","urlTemplate":"https:\/\/www.fincamartelo.com\/?s={search_term_string}"},"query-input":{"@type":"PropertyValueSpecification","valueRequired":true,"valueName":"search_term_string"}}],"inLanguage":"en-US"},{"@type":"Organization","@id":"https:\/\/www.fincamartelo.com\/#organization","name":"Finca Martelo","url":"https:\/\/www.fincamartelo.com\/","logo":{"@type":"ImageObject","inLanguage":"en-US","@id":"https:\/\/www.fincamartelo.com\/#\/schema\/logo\/image\/","url":"https:\/\/www.fincamartelo.com\/wp-content\/uploads\/2022\/11\/www.fincamartelo.com-inspiring-night-by-finca-martelo-gloria-valles-dsc09286-scaled.jpg","contentUrl":"https:\/\/www.fincamartelo.com\/wp-content\/uploads\/2022\/11\/www.fincamartelo.com-inspiring-night-by-finca-martelo-gloria-valles-dsc09286-scaled.jpg","width":1920,"height":2560,"caption":"Finca Martelo"},"image":{"@id":"https:\/\/www.fincamartelo.com\/#\/schema\/logo\/image\/"},"sameAs":["https:\/\/www.facebook.com\/fincamartelo\/","https:\/\/www.instagram.com\/fincamartelo\/"]}]}},"_links":{"self":[{"href":"https:\/\/www.fincamartelo.com\/en\/wp-json\/wp\/v2\/pages\/4388","targetHints":{"allow":["GET"]}}],"collection":[{"href":"https:\/\/www.fincamartelo.com\/en\/wp-json\/wp\/v2\/pages"}],"about":[{"href":"https:\/\/www.fincamartelo.com\/en\/wp-json\/wp\/v2\/types\/page"}],"author":[{"embeddable":true,"href":"https:\/\/www.fincamartelo.com\/en\/wp-json\/wp\/v2\/users\/1"}],"replies":[{"embeddable":true,"href":"https:\/\/www.fincamartelo.com\/en\/wp-json\/wp\/v2\/comments?post=4388"}],"version-history":[{"count":7,"href":"https:\/\/www.fincamartelo.com\/en\/wp-json\/wp\/v2\/pages\/4388\/revisions"}],"predecessor-version":[{"id":9584,"href":"https:\/\/www.fincamartelo.com\/en\/wp-json\/wp\/v2\/pages\/4388\/revisions\/9584"}],"wp:attachment":[{"href":"https:\/\/www.fincamartelo.com\/en\/wp-json\/wp\/v2\/media?parent=4388"}],"curies":[{"name":"wp","href":"https:\/\/api.w.org\/{rel}","templated":true}]}}